{"id":54,"date":"2017-07-10T16:04:38","date_gmt":"2017-07-10T09:04:38","guid":{"rendered":"http:\/\/icivn.com\/?page_id=54"},"modified":"2025-03-29T09:35:30","modified_gmt":"2025-03-29T02:35:30","slug":"gioi-thieu","status":"publish","type":"page","link":"https:\/\/cargocontrol.com.vn\/?page_id=54","title":{"rendered":"Gi\u1edbi thi\u1ec7u"},"content":{"rendered":"<p>&nbsp;<\/p>\n<p><span style=\"color: #000000;\"><strong>C\u00d4NG TY TNHH D\u1ecaCH V\u1ee4 K\u1ef8 THU\u1eacT H\u00c0NG H\u1ea2I CARGO CONTROL<\/strong><\/span><\/p>\n<p><span style=\"color: #000000;\">\u0110\u01b0\u1ee3c s\u1edf k\u1ebf ho\u1ea1ch v\u00e0 \u0111\u1ea7u t\u01b0 th\u00e0nh ph\u1ed1 H\u1ed3 Ch\u00ed Minh k\u00fd quy\u1ebft \u0111\u1ecbnh c\u1ea5p ph\u00e9p th\u00e0nh l\u1eadp s\u1ed1 0313571361. V\u1edbi \u0111\u1ed9i ng\u0169 Gi\u00e1m \u0111\u1ecbnh vi\u00ean, chuy\u00ean vi\u00ean \u0111\u1ea7u ng\u00e0nh gi\u00e0u kinh nghi\u1ec7m ho\u1ea1t \u0111\u1ed9ng trong c\u00e1c l\u0129nh v\u1ef1c gi\u00e1m \u0111\u1ecbnh, ch\u00fang t\u00f4i lu\u00f4n \u0111\u00e1p \u1ee9ng \u0111\u01b0\u1ee3c nhu c\u1ea7u gi\u00e1m \u0111\u1ecbnh c\u1ee7a qu\u00fd kh\u00e1ch h\u00e0ng trong v\u00e0 ngo\u00e0i n\u01b0\u1edbc.<\/span><\/p>\n<p><span style=\"color: #000000;\">V\u1edbi ph\u01b0\u01a1ng ch\u00e2m:\u00a0<strong>UY T\u00cdN \u2013 KH\u00c1CH QUAN \u2013 CHUY\u00caN\u00a0NGHI\u1ec6P.<\/strong> L\u00e0m c\u01a1 s\u1edf n\u1ec1n t\u1ea3ng \u0111\u1ec3 ph\u00e1t tri\u1ec3n b\u1ec1n v\u1eefng. <strong>Cargo Control<\/strong>\u00a0lu\u00f4n mong mu\u1ed1n \u0111\u01b0\u1ee3c h\u1ee3p t\u00e1c v\u00e0 ghi nh\u1eadn \u00fd ki\u1ebfn \u0111\u00f3ng g\u00f3p t\u1eeb qu\u00fd kh\u00e1ch h\u00e0ng.<\/span><\/p>\n<p><span style=\"color: #000000;\">D\u1ecbch v\u1ee5 kinh doanh c\u1ee7a ch\u00fang t\u00f4i:<\/span><\/p>\n<p><span style=\"color: #000000;\">+ Gi\u00e1m \u0111\u1ecbnh h\u00e0ng h\u1ea3i.<\/span><br \/>\n<span style=\"color: #000000;\">+ Gi\u00e1m \u0111\u1ecbnh h\u00e0ng h\u00f3a xu\u1ea5t nh\u1eadp kh\u1ea9u.<\/span><br \/>\n<span style=\"color: #000000;\">+ Gi\u00e1m \u0111\u1ecbnh container.<\/span><br \/>\n<span style=\"color: #000000;\">+ Gi\u00e1m \u0111\u1ecbnh x\u0103ng,d\u1ea7u, gas, ch\u1ea5t h\u00f3a l\u1ecfng.<\/span><br \/>\n<span style=\"color: #000000;\">+ Gi\u00e1m \u0111\u1ecbnh m\u00e1y m\u00f3c, thi\u1ebft b\u1ecb v\u00e0 d\u00e2y chuy\u1ec1n c\u00f4ng ngh\u1ec7.<\/span><br \/>\n<span style=\"color: #000000;\">+ Gi\u00e1m \u0111\u1ecbnh tr\u00ecnh tr\u1ea1ng h\u00e0ng h\u00f3a.<\/span><br \/>\n<span style=\"color: #000000;\">+ Gi\u00e1m \u0111\u1ecbnh h\u00e0ng h\u00f3a ph\u1ee5c v\u1ee5 qu\u1ea3n l\u00fd Nh\u00e0 n\u01b0\u1edbc.<\/span><br \/>\n<span style=\"color: #000000;\">+ D\u1ecbch v\u1ee5 ph\u00e2n t\u00edch v\u00e0 th\u1eed nghi\u1ec7m.<\/span><\/p>\n<p><span style=\"color: #000000;\">M\u1ecdi y\u00eau c\u1ea7u v\u1ec1 d\u1ecbch v\u1ee5 gi\u00e1m \u0111\u1ecbnh h\u00e0ng h\u00f3a, vui l\u00f2ng li\u00ean h\u1ec7:<\/span><\/p>\n<ul>\n<li><span style=\"color: #000000;\"><strong>Tel \u00a0 \u00a0 \u00a0 : +84 28 3636 9889<\/strong><\/span><\/li>\n<li><span style=\"color: #000000;\"><strong>Fax\u00a0 \u00a0 \u00a0 : +84 28 3636 9089<\/strong><\/span><\/li>\n<li><span style=\"color: #000000;\"><strong>Hotline: 0906967970.<\/strong><\/span><\/li>\n<li><span style=\"color: #000000;\"><strong>Email: ceo@cargocontrol.com.vn<br \/>\nEmail: Sale1@cargocontrol.com.vn<\/strong><\/span><\/li>\n<\/ul>\n<p><span style=\"color: #000000;\">.<\/span><\/p>\n<p><span style=\"color: #000000;\"><\/p>\n    <div class=\"img has-hover x md-x lg-x y md-y lg-y\" id=\"image_2104474222\">\n                <div class=\"img-inner dark\" >\n        <img loading=\"lazy\" decoding=\"async\" width=\"720\" height=\"546\" src=\"https:\/\/cargocontrol.com.vn\/wp-content\/uploads\/2018\/04\/7647359890f57eab27e4.jpg\" class=\"attachment-large size-large\" alt=\"\" srcset=\"https:\/\/cargocontrol.com.vn\/wp-content\/uploads\/2018\/04\/7647359890f57eab27e4.jpg 720w, https:\/\/cargocontrol.com.vn\/wp-content\/uploads\/2018\/04\/7647359890f57eab27e4-300x228.jpg 300w\" sizes=\"(max-width: 720px) 100vw, 720px\" \/>                \n            <\/div>\n                   \n<style scope=\"scope\">\n\n<\/style>\n    <\/div>\n    \n<p><\/span><\/p>\n","protected":false},"excerpt":{"rendered":"<p>&nbsp; C\u00d4NG TY TNHH D\u1ecaCH V\u1ee4 K\u1ef8 THU\u1eacT H\u00c0NG H\u1ea2I CARGO CONTROL \u0110\u01b0\u1ee3c s\u1edf k\u1ebf ho\u1ea1ch v\u00e0 \u0111\u1ea7u t\u01b0 th\u00e0nh ph\u1ed1 H\u1ed3 Ch\u00ed Minh k\u00fd quy\u1ebft \u0111\u1ecbnh c\u1ea5p ph\u00e9p th\u00e0nh l\u1eadp s\u1ed1 0313571361. V\u1edbi \u0111\u1ed9i ng\u0169 Gi\u00e1m \u0111\u1ecbnh vi\u00ean, chuy\u00ean vi\u00ean \u0111\u1ea7u ng\u00e0nh gi\u00e0u kinh nghi\u1ec7m ho\u1ea1t \u0111\u1ed9ng trong c\u00e1c l\u0129nh v\u1ef1c gi\u00e1m \u0111\u1ecbnh, ch\u00fang [&hellip;]\n","protected":false},"author":5,"featured_media":0,"parent":0,"menu_order":0,"comment_status":"closed","ping_status":"closed","template":"","meta":{"footnotes":""},"class_list":["post-54","page","type-page","status-publish","hentry"],"_links":{"self":[{"href":"https:\/\/cargocontrol.com.vn\/index.php?rest_route=\/wp\/v2\/pages\/54"}],"collection":[{"href":"https:\/\/cargocontrol.com.vn\/index.php?rest_route=\/wp\/v2\/pages"}],"about":[{"href":"https:\/\/cargocontrol.com.vn\/index.php?rest_route=\/wp\/v2\/types\/page"}],"author":[{"embeddable":true,"href":"https:\/\/cargocontrol.com.vn\/index.php?rest_route=\/wp\/v2\/users\/5"}],"replies":[{"embeddable":true,"href":"https:\/\/cargocontrol.com.vn\/index.php?rest_route=%2Fwp%2Fv2%2Fcomments&post=54"}],"version-history":[{"count":28,"href":"https:\/\/cargocontrol.com.vn\/index.php?rest_route=\/wp\/v2\/pages\/54\/revisions"}],"predecessor-version":[{"id":3095,"href":"https:\/\/cargocontrol.com.vn\/index.php?rest_route=\/wp\/v2\/pages\/54\/revisions\/3095"}],"wp:attachment":[{"href":"https:\/\/cargocontrol.com.vn\/index.php?rest_route=%2Fwp%2Fv2%2Fmedia&parent=54"}],"curies":[{"name":"wp","href":"https:\/\/api.w.org\/{rel}","templated":true}]}}