{"id":1860,"date":"2020-09-08T05:14:44","date_gmt":"2020-09-07T22:14:44","guid":{"rendered":"http:\/\/icivn.com\/?page_id=1860"},"modified":"2025-07-14T19:22:39","modified_gmt":"2025-07-14T12:22:39","slug":"lashing-chang-buoc-hang-hoa","status":"publish","type":"page","link":"https:\/\/cargocontrol.com.vn\/?page_id=1860","title":{"rendered":"Lashing\/ Ch\u1eb1ng bu\u1ed9c h\u00e0ng ho\u00e1"},"content":{"rendered":"<div class=\"row\"  id=\"row-309769330\">\n<div class=\"col small-12 large-12\"  ><div class=\"col-inner\"  >\n<p><span style=\"color: #000000;\">Lashing l\u00e0 thu\u1eadt ng\u1eef d\u00f9ng trong ng\u00e0nh h\u00e0ng h\u1ea3i v\u00e0 v\u1eadn t\u1ea3i bi\u1ec3n n\u00f3 c\u00f3 ngh\u0129a l\u00e0 ch\u1eb1ng bu\u1ed9c, c\u1ed1 \u0111\u1ecbnh h\u00e0ng ho\u00e1 v\u00e0o container hay c\u00e1c ph\u01b0\u01a1ng ti\u1ec7n v\u1eadn t\u1ea3i. \u0110\u00f3 l\u00e0 m\u1ed9t c\u00f4ng vi\u1ec7c v\u00f4 c\u00f9ng quan tr\u1ecdng, n\u00f3 \u1ea3nh h\u01b0\u1edfng tr\u1ef1c ti\u1ebfp \u0111\u1ebfn v\u1ea5n \u0111\u1ec1 an to\u00e0n khi v\u1eadn chuy\u1ec3n v\u00e0 b\u1ea3o v\u1ec7 h\u00e0ng ho\u00e1. Do \u0111\u00f3 \u0111\u01a1n v\u1ecb th\u1ef1c hi\u1ec7n lashing ph\u1ea3i c\u00f3 ki\u1ebfn th\u1ef1c nghi\u1ec7p v\u1ee5, k\u1ef9 thu\u1eadt t\u1ed1t, tho\u1ea3 m\u00e3n \u0111\u01b0\u1ee3c nh\u1eefng y\u00eau c\u1ea7u, c\u00e1c quy \u0111\u1ecbnh, ti\u1ec3u chu\u1ea9n c\u1ee7a nh\u1eefng t\u1ed5 ch\u1ee9c li\u00ean quan nh\u01b0: Th\u00f4ng t\u01b0 07\/2010 \u2013 TT 35\/2013 BGTVT, IMO, CSS, CTU\u2026<\/span><\/p>\n<p><span style=\"color: #000000;\">Qua nhi\u1ec1u n\u0103m l\u00e0m c\u00f4ng t\u00e1c gi\u00e1m \u0111\u1ecbnh ch\u1ee9ng nh\u1eadn an to\u00e1n khi ch\u1eb1ng bu\u1ed9c h\u00e0ng ho\u00e1 (lashing certification). Ch\u00fang t\u00f4i nh\u1eadn th\u1ea5y h\u1ea7u h\u1ebft c\u00e1c \u0111\u01a1n v\u1ecb ch\u1eb1ng bu\u1ed9c hi\u1ec7n nay ch\u1ec9 d\u1ef1a v\u00e0o c\u1ea3m n\u0103ng, \u00e1ng ch\u1eebng v\u00e0 theo kinh nghi\u1ec7m c\u1ee7a t\u1eebng ng\u01b0\u1eddi, kh\u00f4ng tho\u1ea3 m\u00e3n \u0111\u01b0\u1ee3c nh\u1eefng y\u00eau c\u1ea7u v\u1ec1 b\u1ea3o v\u1ec7 h\u00e0ng ho\u00e1 v\u00e0 an to\u00e0n trong qu\u00e1 tr\u00ecnh v\u1eadn chuy\u1ec3n theo quy \u0111\u1ecbnh. Tr\u00ean c\u01a1 s\u1edf \u0111\u00f3, \u0111\u1ec3 \u0111\u00e1p \u1ee9ng \u0111\u01b0\u1ee3c nh\u1eefng y\u00eau c\u1ea7u c\u1ee7a kh\u00e1ch h\u00e0ng. Ch\u00fang t\u00f4i v\u1edbi \u0111\u1ed9i ng\u0169 nh\u00e2n vi\u00ean, k\u1ef9 thu\u1eadt vi\u00ean v\u1edbi ki\u1ebfn th\u1ee9c s\u00e2u r\u1ed9ng, \u0111\u00e3 x\u00e2y d\u1ef1ng v\u00e0 \u00e1p d\u1ee5ng \u0111\u1ed3ng b\u1ed9, b\u1ed9 quy tr\u00ecnh ch\u1eb1ng bu\u1ed9c h\u00e0ng ho\u00e1 theo c\u00e1c quy \u0111\u1ecbnh, c\u00e1c ti\u00eau chu\u1ea9n c\u1ee7a nh\u1eefng t\u1ed5 ch\u1ee9c uy t\u00edn. CSS, CTU (IMO\/ILO\/UNECE). \u00c1p d\u1ee5ng cho t\u1ea5t c\u1ea3 c\u00e1c lo\u1ea1i h\u00e0ng ho\u00e1 v\u00e0 lo\u1ea1i h\u00ecnh v\u1eadn t\u1ea3i ( V\u1eadn t\u1ea3i \u0111a ph\u01b0\u01a1ng th\u1ee9c).<\/span><\/p>\n<p><span style=\"color: #000000;\">Tu\u1ef3 theo t\u1eebng lo\u1ea1i h\u00e0ng ho\u00e1, d\u1ef1a tr\u00ean (h\u00ecnh d\u1ea1ng, k\u00edch th\u01b0\u1edbc, tr\u1ecdng l\u01b0\u1ee3ng, \u0111\u1eb7c t\u00ednh, lo\u1ea1i h\u00ecnh v\u1eadn chuy\u1ec3n, v\u00e0 y\u00eau c\u1ea7u \u0111\u1eb7c bi\u1ec7t c\u1ee7a kh\u00e1ch h\u00e0ng) ch\u00fang t\u00f4i s\u1ebd \u0111\u00e1nh gi\u00e1 v\u00e0 l\u00ean ph\u01b0\u01a1ng \u00e1n lashing b\u1ea3o v\u1ec7 h\u00e0ng ho\u00e1, an to\u00e0n nh\u1ea5t cho ng\u01b0\u1eddi v\u1eadn chuy\u1ec3n.<\/span><\/p>\n<p><span style=\"color: #000000;\">D\u1ecbch v\u1ee5 c\u1ee7a ch\u00fang t\u00f4i.<\/span><\/p>\n<ul>\n<li><span style=\"color: #000000;\">Packing \u0111\u00f3ng ki\u1ec7n, \u0111\u00f3ng g\u00f3i b\u1ea3o v\u1ec7 h\u00e0ng ho\u00e1<\/span><\/li>\n<li><span style=\"color: #000000;\">Lashing, ch\u1eb1ng bu\u1ed9c t\u1ea5t c\u1ea3 c\u00e1c lo\u1ea1i h\u00e0ng ho\u00e1 trong container. (GP, FR, OT, MAFI..)<\/span><\/li>\n<li><span style=\"color: #000000;\">Lashing ch\u1eb1ng bu\u1ed9c h\u00e0ng ho\u00e1 tr\u00ean t\u00e0u bi\u1ec3n\/ salan<\/span><\/li>\n<li><span style=\"color: #000000;\">Lashing c\u00e1c ph\u01b0\u01a1ng ti\u1ec7n, xe h\u01a1i, xe bus, cano, du thuy\u1ec1n<\/span><\/li>\n<li><span style=\"color: #000000;\">Ch\u00e8n, l\u00f3t h\u00e0ng x\u00e1, h\u00e0ng bao nh\u01b0 G\u1ea1o, \u0110\u01b0\u1eddng, tr\u00ean t\u00e0u bi\u1ec3n.<\/span><\/li>\n<\/ul>\n<p><span style=\"color: #ff0000;\"><em><strong><a style=\"color: #ff0000;\" href=\"https:\/\/cargocontrol.com.vn\/wp-content\/uploads\/2025\/07\/LASHING-FORCE-CALCULATED-PKG-NO-2.pdf\">T\u1ea3i File PDF LASHING FORCE CALCULATED REPORT<\/a><\/strong><\/em><\/span><\/p>\n<p>\u00a0<\/p>\n<\/div><\/div>\n<\/div>\n<div class=\"row\"  id=\"row-1602685683\">\n<p><\/span><\/p>\n<p><span style=\"color: #000000;\"><\/p>\n<div class=\"col medium-6 small-12 large-6\"  ><div class=\"col-inner\"  >\n<p><\/span><\/p>\n<p><span style=\"color: #000000;\"><\/p>\n    <div class=\"img has-hover x md-x lg-x y md-y lg-y\" id=\"image_2103034226\">\n                <div class=\"img-inner dark\" >\n        <img loading=\"lazy\" decoding=\"async\" width=\"300\" height=\"225\" src=\"https:\/\/cargocontrol.com.vn\/wp-content\/uploads\/2020\/09\/lashing2-300x225-1.png\" class=\"attachment-large size-large\" alt=\"\" \/>                \n            <\/div>\n                   \n<style scope=\"scope\">\n\n<\/style>\n    <\/div>\n    \n<p><\/span><\/p>\n<p><span style=\"color: #000000;\"><\/p>\n    <div class=\"img has-hover x md-x lg-x y md-y lg-y\" id=\"image_2115800653\">\n                <div class=\"img-inner dark\" >\n        <img loading=\"lazy\" decoding=\"async\" width=\"300\" height=\"225\" src=\"https:\/\/cargocontrol.com.vn\/wp-content\/uploads\/2020\/09\/lashing5-300x225-1.png\" class=\"attachment-large size-large\" alt=\"lashing5-300x225\" \/>                \n            <\/div>\n                   \n<style scope=\"scope\">\n\n<\/style>\n    <\/div>\n    \n<p><\/span><\/p>\n<p><span style=\"color: #000000;\"><\/p>\n    <div class=\"img has-hover x md-x lg-x y md-y lg-y\" id=\"image_1678179045\">\n                <div class=\"img-inner dark\" >\n        <img loading=\"lazy\" decoding=\"async\" width=\"300\" height=\"225\" src=\"https:\/\/cargocontrol.com.vn\/wp-content\/uploads\/2020\/09\/lashing7ff.png-1.jpg\" class=\"attachment-large size-large\" alt=\"\" \/>                \n            <\/div>\n                   \n<style scope=\"scope\">\n\n<\/style>\n    <\/div>\n    \n<p><\/span><\/p>\n<p><span style=\"color: #000000;\"><\/p>\n    <div class=\"img has-hover x md-x lg-x y md-y lg-y\" id=\"image_1393366979\">\n                <div class=\"img-inner dark\" >\n        <img loading=\"lazy\" decoding=\"async\" width=\"300\" height=\"228\" src=\"https:\/\/cargocontrol.com.vn\/wp-content\/uploads\/2020\/09\/lashing10f-300x300-1.png\" class=\"attachment-large size-large\" alt=\"\" \/>                \n            <\/div>\n                   \n<style scope=\"scope\">\n\n<\/style>\n    <\/div>\n    \n<p><\/span><\/p>\n<p><span style=\"color: #000000;\"><\/p>\n    <div class=\"img has-hover x md-x lg-x y md-y lg-y\" id=\"image_2017932539\">\n                <div class=\"img-inner dark\" >\n        <img loading=\"lazy\" decoding=\"async\" width=\"300\" height=\"225\" src=\"https:\/\/cargocontrol.com.vn\/wp-content\/uploads\/2020\/09\/lashing55.png-1.jpg\" class=\"attachment-large size-large\" alt=\"\" \/>                \n            <\/div>\n                   \n<style scope=\"scope\">\n\n<\/style>\n    <\/div>\n    \n<p><\/span><\/p>\n<p><span style=\"color: #000000;\"><\/p>\n    <div class=\"img has-hover x md-x lg-x y md-y lg-y\" id=\"image_353195079\">\n                <div class=\"img-inner dark\" >\n        <img loading=\"lazy\" decoding=\"async\" width=\"300\" height=\"225\" src=\"https:\/\/cargocontrol.com.vn\/wp-content\/uploads\/2020\/09\/lashingen.jpg\" class=\"attachment-large size-large\" alt=\"\" \/>                \n            <\/div>\n                   \n<style scope=\"scope\">\n\n<\/style>\n    <\/div>\n    \n<p><\/span><\/p>\n<p><span style=\"color: #000000;\"><\/p>\n<\/div><\/div>\n<p><\/span><br \/>\n<span style=\"color: #000000;\"><\/p>\n<div class=\"col medium-6 small-12 large-6\"  ><div class=\"col-inner\"  >\n<p><\/span><\/p>\n<p><span style=\"color: #000000;\"><\/p>\n    <div class=\"img has-hover x md-x lg-x y md-y lg-y\" id=\"image_1262193405\">\n                <div class=\"img-inner dark\" >\n        <img loading=\"lazy\" decoding=\"async\" width=\"300\" height=\"228\" src=\"https:\/\/cargocontrol.com.vn\/wp-content\/uploads\/2020\/09\/lashing3-300x300-1.png\" class=\"attachment-large size-large\" alt=\"lashing3-300x300\" \/>                \n            <\/div>\n                   \n<style scope=\"scope\">\n\n<\/style>\n    <\/div>\n    \n<p><\/span><\/p>\n<p><span style=\"color: #000000;\"><\/p>\n    <div class=\"img has-hover x md-x lg-x y md-y lg-y\" id=\"image_518066558\">\n                <div class=\"img-inner dark\" >\n        <img loading=\"lazy\" decoding=\"async\" width=\"300\" height=\"225\" src=\"https:\/\/cargocontrol.com.vn\/wp-content\/uploads\/2020\/09\/lashing7-300x225-1.png\" class=\"attachment-large size-large\" alt=\"\" \/>                \n            <\/div>\n                   \n<style scope=\"scope\">\n\n<\/style>\n    <\/div>\n    \n<p><\/span><\/p>\n<p><span style=\"color: #000000;\"><\/p>\n    <div class=\"img has-hover x md-x lg-x y md-y lg-y\" id=\"image_454884210\">\n                <div class=\"img-inner dark\" >\n        <img loading=\"lazy\" decoding=\"async\" width=\"300\" height=\"225\" src=\"https:\/\/cargocontrol.com.vn\/wp-content\/uploads\/2020\/09\/lashing10-261x300-1.png\" class=\"attachment-large size-large\" alt=\"\" \/>                \n            <\/div>\n                   \n<style scope=\"scope\">\n\n<\/style>\n    <\/div>\n    \n<p><\/span><\/p>\n<p><span style=\"color: #000000;\"><\/p>\n    <div class=\"img has-hover x md-x lg-x y md-y lg-y\" id=\"image_797980311\">\n                <div class=\"img-inner dark\" >\n        <img loading=\"lazy\" decoding=\"async\" width=\"300\" height=\"225\" src=\"https:\/\/cargocontrol.com.vn\/wp-content\/uploads\/2020\/09\/lashing44-300x225-1.png\" class=\"attachment-large size-large\" alt=\"\" \/>                \n            <\/div>\n                   \n<style scope=\"scope\">\n\n<\/style>\n    <\/div>\n    \n<p><\/span><\/p>\n<p><span style=\"color: #000000;\"><\/p>\n    <div class=\"img has-hover x md-x lg-x y md-y lg-y\" id=\"image_252106912\">\n                <div class=\"img-inner dark\" >\n        <img loading=\"lazy\" decoding=\"async\" width=\"300\" height=\"225\" src=\"https:\/\/cargocontrol.com.vn\/wp-content\/uploads\/2020\/09\/lashing133.png-1.jpg\" class=\"attachment-large size-large\" alt=\"\" \/>                \n            <\/div>\n                   \n<style scope=\"scope\">\n\n<\/style>\n    <\/div>\n    \n<p><\/span><\/p>\n<p><span style=\"color: #000000;\"><\/p>\n    <div class=\"img has-hover x md-x lg-x y md-y lg-y\" id=\"image_1074693789\">\n                <div class=\"img-inner dark\" >\n        <img loading=\"lazy\" decoding=\"async\" width=\"300\" height=\"226\" src=\"https:\/\/cargocontrol.com.vn\/wp-content\/uploads\/2020\/09\/lashingen1-300x244.png\" class=\"attachment-large size-large\" alt=\"\" \/>                \n            <\/div>\n                   \n<style scope=\"scope\">\n\n<\/style>\n    <\/div>\n    \n<p><\/span><\/p>\n<p><span style=\"color: #000000;\"><\/p>\n<\/div><\/div>\n<p><\/span><\/p>\n<p><span style=\"color: #000000;\"><\/p>\n<\/div>\n<p><\/span><\/p>\n","protected":false},"excerpt":{"rendered":"","protected":false},"author":5,"featured_media":0,"parent":0,"menu_order":0,"comment_status":"closed","ping_status":"closed","template":"","meta":{"footnotes":""},"class_list":["post-1860","page","type-page","status-publish","hentry"],"_links":{"self":[{"href":"https:\/\/cargocontrol.com.vn\/index.php?rest_route=\/wp\/v2\/pages\/1860"}],"collection":[{"href":"https:\/\/cargocontrol.com.vn\/index.php?rest_route=\/wp\/v2\/pages"}],"about":[{"href":"https:\/\/cargocontrol.com.vn\/index.php?rest_route=\/wp\/v2\/types\/page"}],"author":[{"embeddable":true,"href":"https:\/\/cargocontrol.com.vn\/index.php?rest_route=\/wp\/v2\/users\/5"}],"replies":[{"embeddable":true,"href":"https:\/\/cargocontrol.com.vn\/index.php?rest_route=%2Fwp%2Fv2%2Fcomments&post=1860"}],"version-history":[{"count":13,"href":"https:\/\/cargocontrol.com.vn\/index.php?rest_route=\/wp\/v2\/pages\/1860\/revisions"}],"predecessor-version":[{"id":3109,"href":"https:\/\/cargocontrol.com.vn\/index.php?rest_route=\/wp\/v2\/pages\/1860\/revisions\/3109"}],"wp:attachment":[{"href":"https:\/\/cargocontrol.com.vn\/index.php?rest_route=%2Fwp%2Fv2%2Fmedia&parent=1860"}],"curies":[{"name":"wp","href":"https:\/\/api.w.org\/{rel}","templated":true}]}}