{"id":1628,"date":"2018-04-07T13:13:30","date_gmt":"2018-04-07T06:13:30","guid":{"rendered":"http:\/\/icivn.com\/?page_id=1628"},"modified":"2024-08-15T12:50:43","modified_gmt":"2024-08-15T05:50:43","slug":"kiem-tra-luc-chang-buoc-va-chung-nhan-lashing","status":"publish","type":"page","link":"https:\/\/cargocontrol.com.vn\/?page_id=1628","title":{"rendered":"Ki\u1ec3m tra l\u1ef1c ch\u1eb1ng bu\u1ed9c v\u00e0 ch\u1ee9ng nh\u1eadn lashing"},"content":{"rendered":"<p><strong>Ch\u1ee9ng nh\u1eadn an to\u00e0n ch\u1eb1ng bu\u1ed9c h\u00e0ng h\u00f3a, Lashing Certificate.<\/strong><\/p>\n<p>Ki\u00eam tra, \u0111\u00e1nh gi\u00e1 t\u00ecnh tr\u1ea1ng c\u1ee7a c\u00e1c trang thi\u1ebft b\u1ecb ch\u1eb1ng bu\u1ed9c nh\u01b0 c\u00e1p, x\u00edch, t\u0103ng \u0111\u01a1, ma n\u00ed, polyester belt, composite..<\/p>\n<p>Ki\u1ec3m tra, t\u01b0 v\u1ea5n s\u1eafp x\u1ebfp, ph\u00e2n b\u1ed1 h\u00e0ng h\u00f3a l\u00ean container hay c\u00e1c ph\u01b0\u01a1ng ti\u1ec7n v\u1eadn chuy\u1ec3n nh\u01b0 t\u00e0u\/ s\u00e0 lan.<\/p>\n<p>Ki\u1ec3m tra t\u00ednh to\u00e1n l\u1ef1c ch\u1eb1ng bu\u1ed9c theo c\u00e1c ph\u01b0\u01a1ng d\u1ecdc, ngang \u0111\u1ec3 th\u1ecfa m\u00e3n \u0111\u01b0\u1ee3c nh\u1eefng y\u00eau c\u1ea7u v\u1ec1 an to\u00e0n khi v\u1eadn chuy\u1ec3n c\u1ee7a t\u1ed5 ch\u1ee9c h\u00e0ng h\u1ea3i th\u1ebf gi\u1edbi IMO\/CTU..<\/p>\n<p>&nbsp;<\/p>\n<div class=\"row\"  id=\"row-1903679035\">\n<div class=\"col medium-6 small-12 large-6\"  ><div class=\"col-inner\"  >\n    <div class=\"img has-hover x md-x lg-x y md-y lg-y\" id=\"image_988883244\">\n                <div class=\"img-inner dark\" >\n        <img loading=\"lazy\" decoding=\"async\" width=\"469\" height=\"352\" src=\"https:\/\/cargocontrol.com.vn\/wp-content\/uploads\/2018\/04\/hhhh.png\" class=\"attachment-large size-large\" alt=\"\" srcset=\"https:\/\/cargocontrol.com.vn\/wp-content\/uploads\/2018\/04\/hhhh.png 469w, https:\/\/cargocontrol.com.vn\/wp-content\/uploads\/2018\/04\/hhhh-300x225.png 300w\" sizes=\"(max-width: 469px) 100vw, 469px\" \/>                \n            <\/div>\n                   \n<style scope=\"scope\">\n\n<\/style>\n    <\/div>\n    \n    <div class=\"img has-hover x md-x lg-x y md-y lg-y\" id=\"image_1654857506\">\n                <div class=\"img-inner dark\" >\n        <img loading=\"lazy\" decoding=\"async\" width=\"640\" height=\"480\" src=\"https:\/\/cargocontrol.com.vn\/wp-content\/uploads\/2018\/04\/image021.jpg\" class=\"attachment-large size-large\" alt=\"\" srcset=\"https:\/\/cargocontrol.com.vn\/wp-content\/uploads\/2018\/04\/image021.jpg 640w, https:\/\/cargocontrol.com.vn\/wp-content\/uploads\/2018\/04\/image021-300x225.jpg 300w\" sizes=\"(max-width: 640px) 100vw, 640px\" \/>                \n            <\/div>\n                   \n<style scope=\"scope\">\n\n<\/style>\n    <\/div>\n    \n<\/div><\/div>\n<div class=\"col medium-6 small-12 large-6\"  ><div class=\"col-inner\"  >\n    <div class=\"img has-hover x md-x lg-x y md-y lg-y\" id=\"image_665140672\">\n                <div class=\"img-inner dark\" >\n        <img loading=\"lazy\" decoding=\"async\" width=\"718\" height=\"1024\" src=\"https:\/\/cargocontrol.com.vn\/wp-content\/uploads\/2020\/09\/LASHING-FORCE-CALCULATE--718x1024.jpg\" class=\"attachment-large size-large\" alt=\"\" srcset=\"https:\/\/cargocontrol.com.vn\/wp-content\/uploads\/2020\/09\/LASHING-FORCE-CALCULATE--718x1024.jpg 718w, https:\/\/cargocontrol.com.vn\/wp-content\/uploads\/2020\/09\/LASHING-FORCE-CALCULATE--210x300.jpg 210w, https:\/\/cargocontrol.com.vn\/wp-content\/uploads\/2020\/09\/LASHING-FORCE-CALCULATE--768x1096.jpg 768w\" sizes=\"(max-width: 718px) 100vw, 718px\" \/>                \n            <\/div>\n                   \n<style scope=\"scope\">\n\n<\/style>\n    <\/div>\n    \n    <div class=\"img has-hover x md-x lg-x y md-y lg-y\" id=\"image_25291429\">\n                <div class=\"img-inner dark\" >\n        <img loading=\"lazy\" decoding=\"async\" width=\"640\" height=\"480\" src=\"https:\/\/cargocontrol.com.vn\/wp-content\/uploads\/2018\/04\/image023.jpg\" class=\"attachment-large size-large\" alt=\"\" srcset=\"https:\/\/cargocontrol.com.vn\/wp-content\/uploads\/2018\/04\/image023.jpg 640w, https:\/\/cargocontrol.com.vn\/wp-content\/uploads\/2018\/04\/image023-300x225.jpg 300w\" sizes=\"(max-width: 640px) 100vw, 640px\" \/>                \n            <\/div>\n                   \n<style scope=\"scope\">\n\n<\/style>\n    <\/div>\n    \n<\/div><\/div>\n<\/div>\n","protected":false},"excerpt":{"rendered":"<p>Ch\u1ee9ng nh\u1eadn an to\u00e0n ch\u1eb1ng bu\u1ed9c h\u00e0ng h\u00f3a, Lashing Certificate. Ki\u00eam tra, \u0111\u00e1nh gi\u00e1 t\u00ecnh tr\u1ea1ng c\u1ee7a c\u00e1c trang thi\u1ebft b\u1ecb ch\u1eb1ng bu\u1ed9c nh\u01b0 c\u00e1p, x\u00edch, t\u0103ng \u0111\u01a1, ma n\u00ed, polyester belt, composite.. Ki\u1ec3m tra, t\u01b0 v\u1ea5n s\u1eafp x\u1ebfp, ph\u00e2n b\u1ed1 h\u00e0ng h\u00f3a l\u00ean container hay c\u00e1c ph\u01b0\u01a1ng ti\u1ec7n v\u1eadn chuy\u1ec3n nh\u01b0 t\u00e0u\/ s\u00e0 lan. [&hellip;]\n","protected":false},"author":5,"featured_media":0,"parent":0,"menu_order":0,"comment_status":"closed","ping_status":"closed","template":"","meta":{"footnotes":""},"class_list":["post-1628","page","type-page","status-publish","hentry"],"_links":{"self":[{"href":"https:\/\/cargocontrol.com.vn\/index.php?rest_route=\/wp\/v2\/pages\/1628"}],"collection":[{"href":"https:\/\/cargocontrol.com.vn\/index.php?rest_route=\/wp\/v2\/pages"}],"about":[{"href":"https:\/\/cargocontrol.com.vn\/index.php?rest_route=\/wp\/v2\/types\/page"}],"author":[{"embeddable":true,"href":"https:\/\/cargocontrol.com.vn\/index.php?rest_route=\/wp\/v2\/users\/5"}],"replies":[{"embeddable":true,"href":"https:\/\/cargocontrol.com.vn\/index.php?rest_route=%2Fwp%2Fv2%2Fcomments&post=1628"}],"version-history":[{"count":8,"href":"https:\/\/cargocontrol.com.vn\/index.php?rest_route=\/wp\/v2\/pages\/1628\/revisions"}],"predecessor-version":[{"id":3024,"href":"https:\/\/cargocontrol.com.vn\/index.php?rest_route=\/wp\/v2\/pages\/1628\/revisions\/3024"}],"wp:attachment":[{"href":"https:\/\/cargocontrol.com.vn\/index.php?rest_route=%2Fwp%2Fv2%2Fmedia&parent=1628"}],"curies":[{"name":"wp","href":"https:\/\/api.w.org\/{rel}","templated":true}]}}