{"id":1386,"date":"2018-03-28T15:14:22","date_gmt":"2018-03-28T08:14:22","guid":{"rendered":"http:\/\/icivn.com\/?page_id=1386"},"modified":"2024-08-15T12:49:27","modified_gmt":"2024-08-15T05:49:27","slug":"chung-nhan-phan-tich-thu-nghiem","status":"publish","type":"page","link":"https:\/\/cargocontrol.com.vn\/?page_id=1386","title":{"rendered":"Ch\u1ee9ng nh\u1eadn ph\u00e2n t\u00edch, th\u1eed nghi\u1ec7m"},"content":{"rendered":"<p><strong>PH\u00c2N T\u00cdCH TH\u1eec NGHI\u1ec6M<\/strong><\/p>\n<ul>\n<li>Ph\u00e2n t\u00edch m\u1eabu theo y\u00eau c\u1ea7u c\u1ee7a kh\u00e1ch h\u00e0ng<\/li>\n<li>S\u1ea3n ph\u1ea9m n\u00f4ng nghi\u1ec7p<\/li>\n<li>Th\u1ee9c \u0103n cho ng\u01b0\u1eddi<\/li>\n<li>Th\u1ee9c \u0103n ch\u0103n nu\u00f4i<\/li>\n<li>X\u0103ng d\u1ea7u, gas, nh\u1ef1a \u0111\u01b0\u1eddng, ch\u1ea5t h\u00f3a l\u1ecfng<\/li>\n<\/ul>\n<p>Kho\u00e1ng s\u1ea3n, kim lo\u1ea1i\u2026<\/p>\n<div class=\"row\"  id=\"row-366928773\">\n<div class=\"col medium-6 small-12 large-6\"  ><div class=\"col-inner\"  >\n    <div class=\"img has-hover x md-x lg-x y md-y lg-y\" id=\"image_1549336992\">\n                <div class=\"img-inner dark\" >\n        <img loading=\"lazy\" decoding=\"async\" width=\"278\" height=\"288\" src=\"https:\/\/cargocontrol.com.vn\/wp-content\/uploads\/2018\/04\/image026.jpg\" class=\"attachment-large size-large\" alt=\"\" \/>                \n            <\/div>\n                   \n<style scope=\"scope\">\n\n<\/style>\n    <\/div>\n    \n<\/div><\/div>\n<div class=\"col medium-6 small-12 large-6\"  ><div class=\"col-inner\"  >\n    <div class=\"img has-hover x md-x lg-x y md-y lg-y\" id=\"image_1380142244\">\n                <div class=\"img-inner image-cover dark\" style=\"padding-top:104%;\">\n        <img loading=\"lazy\" decoding=\"async\" width=\"268\" height=\"288\" src=\"https:\/\/cargocontrol.com.vn\/wp-content\/uploads\/2018\/04\/image028.jpg\" class=\"attachment-large size-large\" alt=\"\" \/>                \n            <\/div>\n                   \n<style scope=\"scope\">\n\n<\/style>\n    <\/div>\n    \n<\/div><\/div>\n<\/div>\n","protected":false},"excerpt":{"rendered":"<p>PH\u00c2N T\u00cdCH TH\u1eec NGHI\u1ec6M Ph\u00e2n t\u00edch m\u1eabu theo y\u00eau c\u1ea7u c\u1ee7a kh\u00e1ch h\u00e0ng S\u1ea3n ph\u1ea9m n\u00f4ng nghi\u1ec7p Th\u1ee9c \u0103n cho ng\u01b0\u1eddi Th\u1ee9c \u0103n ch\u0103n nu\u00f4i X\u0103ng d\u1ea7u, gas, nh\u1ef1a \u0111\u01b0\u1eddng, ch\u1ea5t h\u00f3a l\u1ecfng Kho\u00e1ng s\u1ea3n, kim lo\u1ea1i\u2026<\/p>\n","protected":false},"author":5,"featured_media":0,"parent":0,"menu_order":0,"comment_status":"closed","ping_status":"closed","template":"","meta":{"footnotes":""},"class_list":["post-1386","page","type-page","status-publish","hentry"],"_links":{"self":[{"href":"https:\/\/cargocontrol.com.vn\/index.php?rest_route=\/wp\/v2\/pages\/1386"}],"collection":[{"href":"https:\/\/cargocontrol.com.vn\/index.php?rest_route=\/wp\/v2\/pages"}],"about":[{"href":"https:\/\/cargocontrol.com.vn\/index.php?rest_route=\/wp\/v2\/types\/page"}],"author":[{"embeddable":true,"href":"https:\/\/cargocontrol.com.vn\/index.php?rest_route=\/wp\/v2\/users\/5"}],"replies":[{"embeddable":true,"href":"https:\/\/cargocontrol.com.vn\/index.php?rest_route=%2Fwp%2Fv2%2Fcomments&post=1386"}],"version-history":[{"count":5,"href":"https:\/\/cargocontrol.com.vn\/index.php?rest_route=\/wp\/v2\/pages\/1386\/revisions"}],"predecessor-version":[{"id":3021,"href":"https:\/\/cargocontrol.com.vn\/index.php?rest_route=\/wp\/v2\/pages\/1386\/revisions\/3021"}],"wp:attachment":[{"href":"https:\/\/cargocontrol.com.vn\/index.php?rest_route=%2Fwp%2Fv2%2Fmedia&parent=1386"}],"curies":[{"name":"wp","href":"https:\/\/api.w.org\/{rel}","templated":true}]}}