{"id":1380,"date":"2018-03-28T15:13:44","date_gmt":"2018-03-28T08:13:44","guid":{"rendered":"http:\/\/icivn.com\/?page_id=1380"},"modified":"2024-08-15T12:50:39","modified_gmt":"2024-08-15T05:50:39","slug":"giam-dinh-nang-luong-xang-dau-gas-chat-hoa-long","status":"publish","type":"page","link":"https:\/\/cargocontrol.com.vn\/?page_id=1380","title":{"rendered":"Gi\u00e1m \u0111\u1ecbnh n\u0103ng l\u01b0\u1ee3ng, x\u0103ng d\u1ea7u, gas, ch\u1ea5t ho\u00e1 l\u1ecfng"},"content":{"rendered":"<p><strong>Gi\u00e1m \u0111\u1ecbnh x\u0103ng d\u1ea7u, ch\u1ea5t h\u00f3a l\u1ecfng.Gi\u00e1m \u0111\u1ecbnh x\u0103ng d\u1ea7u, ch\u1ea5t h\u00f3a l\u1ecfng.<\/strong><\/p>\n<p><span style=\"color: #000000;\">\u2022 Gi\u00e1m \u0111\u1ecbnh kh\u1ed1i l\u01b0\u1ee3ng h\u00e0ng trong c\u00e1c k\u00e9t ch\u1ee9a tr\u00ean t\u00e0u<\/span><br \/>\n<span style=\"color: #000000;\"> \u2022 Gi\u00e1m \u0111\u1ecbnh kh\u1ed1i l\u01b0\u1ee3ng h\u00e0ng t\u1ea1i b\u1ed3n ch\u1ee9a.<\/span><br \/>\n<span style=\"color: #000000;\"> \u2022 Gi\u00e1m s\u00e1t qu\u00e1 tr\u00ecnh b\u01a1m h\u00e0ng t\u1eeb t\u00e0u v\u00e0o b\u1ed3n<\/span><br \/>\n<span style=\"color: #000000;\"> \u2022 Gi\u00e1m \u0111\u1ecbnh h\u1ea7m ch\u1ee9a nhi\u00ean li\u1ec7u, xe b\u1ed3n<\/span><br \/>\n<span style=\"color: #000000;\"> \u2022 Gi\u00e1m \u0111\u1ecbnh t\u00ecnh tr\u1ea1ng s\u1ea1ch s\u1ebd c\u1ee7a k\u00e9t ch\u1ee9a h\u00e0ng t tr\u00ean t\u00e0u<\/span><br \/>\n<span style=\"color: #000000;\"> \u2022 L\u1ea5y m\u1eabu h\u00e0ng theo y\u00eau c\u1ea7u c\u1ee7a kh\u00e1ch h\u00e0ng<\/span><br \/>\n<span style=\"color: #000000;\"> \u2022 Ph\u00e2n t\u00edch m\u1eabu theo c\u00e1c ch\u1ec9 ti\u00eau kh\u00e1ch h\u00e0ng y\u00eau c\u1ea7u<\/span><br \/>\n<span style=\"color: #000000;\"> \u2022 Gi\u00e1m \u0111\u1ecbnh h\u00e0ng t\u1ed5n th\u1ea5t.<\/span><\/p>\n<p style=\"text-align: center;\"><div class=\"row\"  id=\"row-562624074\">\n<div class=\"col medium-6 small-12 large-6\"  ><div class=\"col-inner\"  >\n    <div class=\"img has-hover x md-x lg-x y md-y lg-y\" id=\"image_1230853679\">\n                <div class=\"img-inner dark\" >\n        <img loading=\"lazy\" decoding=\"async\" width=\"768\" height=\"498\" src=\"https:\/\/cargocontrol.com.vn\/wp-content\/uploads\/2018\/04\/image001.jpg\" class=\"attachment-large size-large\" alt=\"image001\" srcset=\"https:\/\/cargocontrol.com.vn\/wp-content\/uploads\/2018\/04\/image001.jpg 768w, https:\/\/cargocontrol.com.vn\/wp-content\/uploads\/2018\/04\/image001-300x195.jpg 300w\" sizes=\"(max-width: 768px) 100vw, 768px\" \/>                \n            <\/div>\n                   \n<style scope=\"scope\">\n\n<\/style>\n    <\/div>\n    \n    <div class=\"img has-hover x md-x lg-x y md-y lg-y\" id=\"image_994783782\">\n                <div class=\"img-inner dark\" >\n        <img loading=\"lazy\" decoding=\"async\" width=\"1020\" height=\"765\" src=\"https:\/\/cargocontrol.com.vn\/wp-content\/uploads\/2018\/04\/image005-1024x768.jpg\" class=\"attachment-large size-large\" alt=\"\" srcset=\"https:\/\/cargocontrol.com.vn\/wp-content\/uploads\/2018\/04\/image005-1024x768.jpg 1024w, https:\/\/cargocontrol.com.vn\/wp-content\/uploads\/2018\/04\/image005-300x225.jpg 300w, https:\/\/cargocontrol.com.vn\/wp-content\/uploads\/2018\/04\/image005-768x576.jpg 768w, https:\/\/cargocontrol.com.vn\/wp-content\/uploads\/2018\/04\/image005.jpg 1280w\" sizes=\"(max-width: 1020px) 100vw, 1020px\" \/>                \n            <\/div>\n                   \n<style scope=\"scope\">\n\n<\/style>\n    <\/div>\n    \n<\/div><\/div>\n<div class=\"col medium-6 small-12 large-6\"  ><div class=\"col-inner\"  >\n    <div class=\"img has-hover x md-x lg-x y md-y lg-y\" id=\"image_176609502\">\n                <div class=\"img-inner dark\" >\n        <img loading=\"lazy\" decoding=\"async\" width=\"768\" height=\"498\" src=\"https:\/\/cargocontrol.com.vn\/wp-content\/uploads\/2018\/04\/gggggg.png\" class=\"attachment-large size-large\" alt=\"\" srcset=\"https:\/\/cargocontrol.com.vn\/wp-content\/uploads\/2018\/04\/gggggg.png 768w, https:\/\/cargocontrol.com.vn\/wp-content\/uploads\/2018\/04\/gggggg-300x195.png 300w\" sizes=\"(max-width: 768px) 100vw, 768px\" \/>                \n            <\/div>\n                   \n<style scope=\"scope\">\n\n<\/style>\n    <\/div>\n    \n    <div class=\"img has-hover x md-x lg-x y md-y lg-y\" id=\"image_1581979284\">\n                <div class=\"img-inner dark\" >\n        <img loading=\"lazy\" decoding=\"async\" width=\"960\" height=\"720\" src=\"https:\/\/cargocontrol.com.vn\/wp-content\/uploads\/2018\/04\/image007.png\" class=\"attachment-large size-large\" alt=\"\" srcset=\"https:\/\/cargocontrol.com.vn\/wp-content\/uploads\/2018\/04\/image007.png 960w, https:\/\/cargocontrol.com.vn\/wp-content\/uploads\/2018\/04\/image007-300x225.png 300w, https:\/\/cargocontrol.com.vn\/wp-content\/uploads\/2018\/04\/image007-768x576.png 768w\" sizes=\"(max-width: 960px) 100vw, 960px\" \/>                \n            <\/div>\n                   \n<style scope=\"scope\">\n\n<\/style>\n    <\/div>\n    \n<\/div><\/div>\n<\/div>\n","protected":false},"excerpt":{"rendered":"<p>Gi\u00e1m \u0111\u1ecbnh x\u0103ng d\u1ea7u, ch\u1ea5t h\u00f3a l\u1ecfng.Gi\u00e1m \u0111\u1ecbnh x\u0103ng d\u1ea7u, ch\u1ea5t h\u00f3a l\u1ecfng. \u2022 Gi\u00e1m \u0111\u1ecbnh kh\u1ed1i l\u01b0\u1ee3ng h\u00e0ng trong c\u00e1c k\u00e9t ch\u1ee9a tr\u00ean t\u00e0u \u2022 Gi\u00e1m \u0111\u1ecbnh kh\u1ed1i l\u01b0\u1ee3ng h\u00e0ng t\u1ea1i b\u1ed3n ch\u1ee9a. \u2022 Gi\u00e1m s\u00e1t qu\u00e1 tr\u00ecnh b\u01a1m h\u00e0ng t\u1eeb t\u00e0u v\u00e0o b\u1ed3n \u2022 Gi\u00e1m \u0111\u1ecbnh h\u1ea7m ch\u1ee9a nhi\u00ean li\u1ec7u, xe b\u1ed3n \u2022 [&hellip;]\n","protected":false},"author":5,"featured_media":0,"parent":0,"menu_order":0,"comment_status":"closed","ping_status":"closed","template":"","meta":{"footnotes":""},"class_list":["post-1380","page","type-page","status-publish","hentry"],"_links":{"self":[{"href":"https:\/\/cargocontrol.com.vn\/index.php?rest_route=\/wp\/v2\/pages\/1380"}],"collection":[{"href":"https:\/\/cargocontrol.com.vn\/index.php?rest_route=\/wp\/v2\/pages"}],"about":[{"href":"https:\/\/cargocontrol.com.vn\/index.php?rest_route=\/wp\/v2\/types\/page"}],"author":[{"embeddable":true,"href":"https:\/\/cargocontrol.com.vn\/index.php?rest_route=\/wp\/v2\/users\/5"}],"replies":[{"embeddable":true,"href":"https:\/\/cargocontrol.com.vn\/index.php?rest_route=%2Fwp%2Fv2%2Fcomments&post=1380"}],"version-history":[{"count":6,"href":"https:\/\/cargocontrol.com.vn\/index.php?rest_route=\/wp\/v2\/pages\/1380\/revisions"}],"predecessor-version":[{"id":1706,"href":"https:\/\/cargocontrol.com.vn\/index.php?rest_route=\/wp\/v2\/pages\/1380\/revisions\/1706"}],"wp:attachment":[{"href":"https:\/\/cargocontrol.com.vn\/index.php?rest_route=%2Fwp%2Fv2%2Fmedia&parent=1380"}],"curies":[{"name":"wp","href":"https:\/\/api.w.org\/{rel}","templated":true}]}}