{"id":1378,"date":"2018-03-28T15:11:55","date_gmt":"2018-03-28T08:11:55","guid":{"rendered":"http:\/\/icivn.com\/?page_id=1378"},"modified":"2024-08-15T12:50:03","modified_gmt":"2024-08-15T05:50:03","slug":"giam-dinh-container","status":"publish","type":"page","link":"https:\/\/cargocontrol.com.vn\/?page_id=1378","title":{"rendered":"Gi\u00e1m \u0111\u1ecbnh container"},"content":{"rendered":"<h2><span style=\"color: #000000;\"><b>GI\u00c1M \u0110\u1ecaNH CONTAINER<\/b><\/span><\/h2>\n<p><span style=\"color: #000000;\">Gi\u00e1m \u0111\u1ecbnh container theo y\u00eau c\u1ea7u c\u1ee7a kh\u00e1ch h\u00e0ng, ti\u00eau chu\u1ea9n IICL.<\/span><\/p>\n<p><span style=\"color: #000000;\">Gi\u00e1m \u0111\u1ecbnh t\u00ecnh tr\u1ea1ng container tr\u01b0\u1edbc khi thu\u00ea\/m\u01b0\u1ee3n, mua\/ b\u00e1n. Bao g\u1ed3m:<\/span><span style=\"color: #000000;\">\u00a0<\/span><\/p>\n<p><span style=\"color: #000000;\">Gi\u00e1m \u0111\u1ecbnh khung container. (tr\u1ee5 \u0111\u1ee9ng, \u0111\u00e0 ngang, \u0111\u00e0 d\u1ecdc).<\/span><span style=\"color: #000000;\">\u00a0<\/span><\/p>\n<p><span style=\"color: #000000;\">Gi\u00e1m \u0111\u1ecbnh v\u00e1ch container. (v\u00e1ch tr\u01b0\u1edbc, v\u00e1ch sau, v\u00e1ch tr\u00e1i \/ph\u1ea3i)<\/span><span style=\"color: #000000;\">\u00a0<\/span><\/p>\n<p><span style=\"color: #000000;\">Gi\u00e1m \u0111\u1ecbnh s\u00e0n container.<\/span><span style=\"color: #000000;\">\u00a0Gi\u00e1m \u0111\u1ecbnh \u0111\u00e1y (g\u1ea7m) g\u1ea7m container.<\/span><\/p>\n<p><span style=\"color: #000000;\">Gi\u00e1m \u0111\u1ecbnh h\u00e0ng h\u00f3a b\u00ean trong container.<\/span><\/p>\n<p><span style=\"color: #000000;\">Gi\u00e1m \u0111\u1ecbnh s\u1ed1 l\u01b0\u1ee3ng, t\u00ecnh tr\u1ea1ng th\u1ef1c t\u1ebf h\u00e0ng h\u00f3a<\/span><\/p>\n<p><span style=\"color: #000000;\">Gi\u00e1m \u0111\u1ecbnh m\u1ee9c \u0111\u1ed9 t\u1ed5n th\u1ea5t h\u00e0ng h\u00f3a.<\/span><\/p>\n<p><span style=\"color: #000000;\">Ki\u1ec3m tra S\u1ee9c b\u1ec1n ch\u1eb1ng bu\u1ed9c v\u00e0 ch\u1ee9ng nh\u1eadn lasing trong container.<\/span><\/p>\n<div class=\"row\"  id=\"row-791059302\">\n<div class=\"col medium-6 small-6 large-6\"  ><div class=\"col-inner\"  >\n    <div class=\"img has-hover x md-x lg-x y md-y lg-y\" id=\"image_1582559028\">\n                <div class=\"img-inner dark\" >\n        <img loading=\"lazy\" decoding=\"async\" width=\"1020\" height=\"679\" src=\"https:\/\/cargocontrol.com.vn\/wp-content\/uploads\/2018\/04\/marine-surveyor-valencia-container-damaged-empty-1024x682.jpg\" class=\"attachment-large size-large\" alt=\"\" srcset=\"https:\/\/cargocontrol.com.vn\/wp-content\/uploads\/2018\/04\/marine-surveyor-valencia-container-damaged-empty-1024x682.jpg 1024w, https:\/\/cargocontrol.com.vn\/wp-content\/uploads\/2018\/04\/marine-surveyor-valencia-container-damaged-empty-300x200.jpg 300w, https:\/\/cargocontrol.com.vn\/wp-content\/uploads\/2018\/04\/marine-surveyor-valencia-container-damaged-empty-768x512.jpg 768w, https:\/\/cargocontrol.com.vn\/wp-content\/uploads\/2018\/04\/marine-surveyor-valencia-container-damaged-empty.jpg 1650w\" sizes=\"(max-width: 1020px) 100vw, 1020px\" \/>                \n            <\/div>\n                   \n<style scope=\"scope\">\n\n<\/style>\n    <\/div>\n    \n<\/div><\/div>\n<div class=\"col medium-6 small-6 large-6\"  ><div class=\"col-inner\"  >\n    <div class=\"img has-hover x md-x lg-x y md-y lg-y\" id=\"image_506608589\">\n                <div class=\"img-inner dark\" >\n        <img loading=\"lazy\" decoding=\"async\" width=\"640\" height=\"480\" src=\"https:\/\/cargocontrol.com.vn\/wp-content\/uploads\/2018\/04\/nam-kim.jpg\" class=\"attachment-large size-large\" alt=\"\" srcset=\"https:\/\/cargocontrol.com.vn\/wp-content\/uploads\/2018\/04\/nam-kim.jpg 640w, https:\/\/cargocontrol.com.vn\/wp-content\/uploads\/2018\/04\/nam-kim-300x225.jpg 300w\" sizes=\"(max-width: 640px) 100vw, 640px\" \/>                \n            <\/div>\n                   \n<style scope=\"scope\">\n\n#image_506608589 {\n  width: 88%;\n}\n<\/style>\n    <\/div>\n    \n<\/div><\/div>\n<div class=\"col medium-6 small-6 large-6\"  ><div class=\"col-inner\"  >\n    <div class=\"img has-hover x md-x lg-x y md-y lg-y\" id=\"image_747609456\">\n                <div class=\"img-inner dark\" >\n        <img loading=\"lazy\" decoding=\"async\" width=\"282\" height=\"179\" src=\"https:\/\/cargocontrol.com.vn\/wp-content\/uploads\/2018\/04\/images-10.jpg\" class=\"attachment-large size-large\" alt=\"\" \/>                \n            <\/div>\n                   \n<style scope=\"scope\">\n\n<\/style>\n    <\/div>\n    \n<\/div><\/div>\n<div class=\"col medium-6 small-6 large-6\"  ><div class=\"col-inner\"  >\n    <div class=\"img has-hover x md-x lg-x y md-y lg-y\" id=\"image_1811336105\">\n                <div class=\"img-inner dark\" >\n        <img loading=\"lazy\" decoding=\"async\" width=\"291\" height=\"218\" src=\"https:\/\/cargocontrol.com.vn\/wp-content\/uploads\/2018\/04\/SANY1515-1.jpg\" class=\"attachment-large size-large\" alt=\"\" \/>                \n            <\/div>\n                   \n<style scope=\"scope\">\n\n#image_1811336105 {\n  width: 85%;\n}\n<\/style>\n    <\/div>\n    \n<\/div><\/div>\n<\/div>\n","protected":false},"excerpt":{"rendered":"<p>GI\u00c1M \u0110\u1ecaNH CONTAINER Gi\u00e1m \u0111\u1ecbnh container theo y\u00eau c\u1ea7u c\u1ee7a kh\u00e1ch h\u00e0ng, ti\u00eau chu\u1ea9n IICL. Gi\u00e1m \u0111\u1ecbnh t\u00ecnh tr\u1ea1ng container tr\u01b0\u1edbc khi thu\u00ea\/m\u01b0\u1ee3n, mua\/ b\u00e1n. Bao g\u1ed3m:\u00a0 Gi\u00e1m \u0111\u1ecbnh khung container. (tr\u1ee5 \u0111\u1ee9ng, \u0111\u00e0 ngang, \u0111\u00e0 d\u1ecdc).\u00a0 Gi\u00e1m \u0111\u1ecbnh v\u00e1ch container. (v\u00e1ch tr\u01b0\u1edbc, v\u00e1ch sau, v\u00e1ch tr\u00e1i \/ph\u1ea3i)\u00a0 Gi\u00e1m \u0111\u1ecbnh s\u00e0n container.\u00a0Gi\u00e1m \u0111\u1ecbnh \u0111\u00e1y (g\u1ea7m) [&hellip;]\n","protected":false},"author":5,"featured_media":0,"parent":0,"menu_order":0,"comment_status":"closed","ping_status":"closed","template":"","meta":{"footnotes":""},"class_list":["post-1378","page","type-page","status-publish","hentry"],"_links":{"self":[{"href":"https:\/\/cargocontrol.com.vn\/index.php?rest_route=\/wp\/v2\/pages\/1378"}],"collection":[{"href":"https:\/\/cargocontrol.com.vn\/index.php?rest_route=\/wp\/v2\/pages"}],"about":[{"href":"https:\/\/cargocontrol.com.vn\/index.php?rest_route=\/wp\/v2\/types\/page"}],"author":[{"embeddable":true,"href":"https:\/\/cargocontrol.com.vn\/index.php?rest_route=\/wp\/v2\/users\/5"}],"replies":[{"embeddable":true,"href":"https:\/\/cargocontrol.com.vn\/index.php?rest_route=%2Fwp%2Fv2%2Fcomments&post=1378"}],"version-history":[{"count":11,"href":"https:\/\/cargocontrol.com.vn\/index.php?rest_route=\/wp\/v2\/pages\/1378\/revisions"}],"predecessor-version":[{"id":3022,"href":"https:\/\/cargocontrol.com.vn\/index.php?rest_route=\/wp\/v2\/pages\/1378\/revisions\/3022"}],"wp:attachment":[{"href":"https:\/\/cargocontrol.com.vn\/index.php?rest_route=%2Fwp%2Fv2%2Fmedia&parent=1378"}],"curies":[{"name":"wp","href":"https:\/\/api.w.org\/{rel}","templated":true}]}}