{"id":1375,"date":"2018-03-28T15:11:29","date_gmt":"2018-03-28T08:11:29","guid":{"rendered":"http:\/\/icivn.com\/?page_id=1375"},"modified":"2023-10-04T18:40:49","modified_gmt":"2023-10-04T11:40:49","slug":"giam-dinh-hang-hai","status":"publish","type":"page","link":"https:\/\/cargocontrol.com.vn\/?page_id=1375","title":{"rendered":"Gi\u00e1m \u0111\u1ecbnh h\u00e0ng h\u1ea3i"},"content":{"rendered":"<p><strong>GI\u00c1M \u0110\u1ecaNH H\u00c0NG H\u1ea2I<\/strong><\/p>\n<p>V\u1edbi \u0111\u1ed9i ng\u0169 Gi\u00e1m \u0111\u1ecbnh vi\u00ean, chuy\u00ean vi\u00ean h\u00e0ng \u0111\u1ea7u trong ng\u00e0nh h\u00e0ng h\u1ea3i, ch\u00fang t\u00f4i cam k\u1ebft cung c\u1ea5p d\u1ecbch v\u1ee5 ch\u1ea5t l\u01b0\u1edbng t\u1ed1t nh\u1ea5t cho qu\u00fd kh\u00e1ch h\u00e0ng trong v\u00e0 ngo\u00e0i n\u01b0\u1edbc.<\/p>\n<p>D\u1ecbch v\u1ee5 gi\u00e1m \u0111\u1ecbnh h\u00e0ng h\u1ea3i c\u1ee7a ch\u00fang t\u00f4i.<\/p>\n<ul>\n<li>Gi\u00e1m \u0111\u1ecbnh t\u00ecnh tr\u1ea1ng c\u1ee7a t\u00e0u\/s\u00e0 lan, ph\u01b0\u01a1ng ti\u1ec7n th\u1ee7y, tr\u01b0\u1edbc v\u00e0 sau khi thu\u00ea\/ tr\u1ea3 ho\u1eb7c mua\/ b\u00e1n t\u00e0u.<\/li>\n<li>Gi\u00e1m \u0111\u1ecbnh kh\u1ea3 n\u0103ng \u0111i bi\u1ec3n c\u1ee7a t\u00e0u.<\/li>\n<li>Gi\u00e1m \u0111\u1ecbnh nguy\u00ean nh\u00e2n v\u00e0 m\u1ee9c \u0111\u1ed9 t\u1ed5n th\u1ea5t, \u0111\u00e2m va\/ tai n\u1ea1n h\u00e0ng h\u1ea3i<\/li>\n<li>Gi\u00e1m \u0111\u1ecbnh s\u00e1ch s\u1ebd, k\u00edn ch\u1eafc c\u1ee7a h\u1ea7m h\u00e0ng.<\/li>\n<li>Gi\u00e1m \u0111\u1ecbnh kh\u1ed1i l\u01b0\u1ee3ng h\u00e0ng h\u00f3a b\u1eb1ng ph\u01b0\u01a1ng ph\u00e1p \u0111o m\u1edbn n\u01b0\u1edbc.<\/li>\n<li>Gi\u00e1m s\u00e1t qu\u00e1 tr\u00ecnh x\u1ebfp\/d\u1ee1 h\u00e0ng h\u00f3a.<\/li>\n<li>Gi\u00e1m t\u00ecnh tr\u1ea1ng c\u1ee7a h\u00e0ng h\u00f3a tr\u01b0\u1edbc khi d\u1ee1 h\u00e0ng.<\/li>\n<li>Gi\u00e1m \u0111\u1ecbnh t\u1ed5n th\u1ea5t c\u1ee7a h\u00e0ng h\u00f3a.<\/li>\n<li>T\u01b0 v\u1ea5n ph\u00e2n b\u1ed5 h\u00e0ng h\u00f3a l\u00ean t\u00e0u \u0111\u1ec3 n\u00e2ng cao t\u00ednh \u1ed5n \u0111\u1ecbnh t\u00e0u.<\/li>\n<\/ul>\n","protected":false},"excerpt":{"rendered":"<p>GI\u00c1M \u0110\u1ecaNH H\u00c0NG H\u1ea2I V\u1edbi \u0111\u1ed9i ng\u0169 Gi\u00e1m \u0111\u1ecbnh vi\u00ean, chuy\u00ean vi\u00ean h\u00e0ng \u0111\u1ea7u trong ng\u00e0nh h\u00e0ng h\u1ea3i, ch\u00fang t\u00f4i cam k\u1ebft cung c\u1ea5p d\u1ecbch v\u1ee5 ch\u1ea5t l\u01b0\u1edbng t\u1ed1t nh\u1ea5t cho qu\u00fd kh\u00e1ch h\u00e0ng trong v\u00e0 ngo\u00e0i n\u01b0\u1edbc. D\u1ecbch v\u1ee5 gi\u00e1m \u0111\u1ecbnh h\u00e0ng h\u1ea3i c\u1ee7a ch\u00fang t\u00f4i. Gi\u00e1m \u0111\u1ecbnh t\u00ecnh tr\u1ea1ng c\u1ee7a t\u00e0u\/s\u00e0 lan, ph\u01b0\u01a1ng [&hellip;]\n","protected":false},"author":5,"featured_media":1514,"parent":0,"menu_order":0,"comment_status":"closed","ping_status":"closed","template":"","meta":{"footnotes":""},"class_list":["post-1375","page","type-page","status-publish","has-post-thumbnail","hentry"],"_links":{"self":[{"href":"https:\/\/cargocontrol.com.vn\/index.php?rest_route=\/wp\/v2\/pages\/1375"}],"collection":[{"href":"https:\/\/cargocontrol.com.vn\/index.php?rest_route=\/wp\/v2\/pages"}],"about":[{"href":"https:\/\/cargocontrol.com.vn\/index.php?rest_route=\/wp\/v2\/types\/page"}],"author":[{"embeddable":true,"href":"https:\/\/cargocontrol.com.vn\/index.php?rest_route=\/wp\/v2\/users\/5"}],"replies":[{"embeddable":true,"href":"https:\/\/cargocontrol.com.vn\/index.php?rest_route=%2Fwp%2Fv2%2Fcomments&post=1375"}],"version-history":[{"count":10,"href":"https:\/\/cargocontrol.com.vn\/index.php?rest_route=\/wp\/v2\/pages\/1375\/revisions"}],"predecessor-version":[{"id":2694,"href":"https:\/\/cargocontrol.com.vn\/index.php?rest_route=\/wp\/v2\/pages\/1375\/revisions\/2694"}],"wp:featuredmedia":[{"embeddable":true,"href":"https:\/\/cargocontrol.com.vn\/index.php?rest_route=\/wp\/v2\/media\/1514"}],"wp:attachment":[{"href":"https:\/\/cargocontrol.com.vn\/index.php?rest_route=%2Fwp%2Fv2%2Fmedia&parent=1375"}],"curies":[{"name":"wp","href":"https:\/\/api.w.org\/{rel}","templated":true}]}}